{"id":5634,"date":"2021-09-17T12:00:09","date_gmt":"2021-09-17T16:00:09","guid":{"rendered":"https:\/\/tienda.enko-online.com\/?post_type=product&#038;p=5634"},"modified":"2026-04-09T13:16:30","modified_gmt":"2026-04-09T17:16:30","slug":"lamina-cobre-decorativa","status":"publish","type":"product","link":"https:\/\/enkochile.cl\/tienda\/product\/lamina-cobre-decorativa\/","title":{"rendered":"L\u00c1MINA DE COBRE DECORATIVA PROVENZAL"},"content":{"rendered":"","protected":false},"excerpt":{"rendered":"","protected":false},"featured_media":3033,"template":"","meta":{"_acf_changed":false,"_seopress_robots_primary_cat":"","_seopress_titles_title":"","_seopress_titles_desc":"L\u00e1minas de imitaci\u00f3n cobre para utilizar en molduras de cuadros, muebles de estilo y provenzales, mamposter\u00eda y otros art\u00edculos que requieran un acabado met\u00e1lico real.","_seopress_robots_index":"","_sitemap_exclude":false,"_sitemap_priority":"","_sitemap_frequency":"","_themeisle_gutenberg_block_has_review":false},"product_cat":[1606,1336,1649,2192,1332],"product_tag":[],"class_list":{"0":"post-5634","1":"product","2":"type-product","3":"status-publish","4":"has-post-thumbnail","6":"product_cat-acabado-estilo-provenzal-vintage-madera-interior","7":"product_cat-decoracion-ornamental","8":"product_cat-laminas-de-oro-decoracion-ornamental","9":"product_cat-laminas-de-oro-plata-y-cobre","10":"product_cat-madera-interior","11":"pa_formato-laminas-libro-25-14x14","12":"pa_formato-laminas-pack-500-16x16","14":"first","15":"instock","16":"purchasable","17":"product-type-variable"},"acf":[],"yoast_head":"<!-- This site is optimized with the Yoast SEO plugin v24.0 - https:\/\/yoast.com\/wordpress\/plugins\/seo\/ -->\n<title>L\u00c1MINA DE COBRE DECORATIVA PROVENZAL - Enko Chile Tienda Online<\/title>\n<meta name=\"description\" content=\"L\u00e1minas de imitaci\u00f3n cobre para utilizar en molduras de cuadros, muebles de estilo y provenzales, mamposter\u00eda y otros art\u00edculos que requieran un acabado met\u00e1lico real.\" \/>\n<meta name=\"robots\" content=\"index, follow, max-snippet:-1, max-image-preview:large, max-video-preview:-1\" \/>\n<link rel=\"canonical\" href=\"https:\/\/enkochile.cl\/tienda\/product\/lamina-cobre-decorativa\/\" \/>\n<meta property=\"og:locale\" content=\"es_ES\" \/>\n<meta property=\"og:type\" content=\"article\" \/>\n<meta property=\"og:title\" content=\"L\u00c1MINA DE COBRE DECORATIVA PROVENZAL - Enko Chile Tienda Online\" \/>\n<meta property=\"og:description\" content=\"L\u00e1minas de imitaci\u00f3n cobre para utilizar en molduras de cuadros, muebles de estilo y provenzales, mamposter\u00eda y otros art\u00edculos que requieran un acabado met\u00e1lico real.\" \/>\n<meta property=\"og:url\" content=\"https:\/\/enkochile.cl\/tienda\/product\/lamina-cobre-decorativa\/\" \/>\n<meta property=\"og:site_name\" content=\"Enko Chile Tienda Online\" \/>\n<meta property=\"article:publisher\" content=\"https:\/\/www.facebook.com\/enko_chile\/\" \/>\n<meta property=\"article:modified_time\" content=\"2026-04-09T17:16:30+00:00\" \/>\n<meta property=\"og:image\" content=\"https:\/\/enkochile.cl\/tienda\/wp-content\/uploads\/2020\/11\/foglia-imitazione-bronzo-OK.jpg\" \/>\n\t<meta property=\"og:image:width\" content=\"800\" \/>\n\t<meta property=\"og:image:height\" content=\"800\" \/>\n\t<meta property=\"og:image:type\" content=\"image\/jpeg\" \/>\n<meta name=\"twitter:card\" content=\"summary_large_image\" \/>\n<script type=\"application\/ld+json\" class=\"yoast-schema-graph\">{\"@context\":\"https:\/\/schema.org\",\"@graph\":[{\"@type\":\"WebPage\",\"@id\":\"https:\/\/enkochile.cl\/tienda\/product\/lamina-cobre-decorativa\/\",\"url\":\"https:\/\/enkochile.cl\/tienda\/product\/lamina-cobre-decorativa\/\",\"name\":\"L\u00c1MINA DE COBRE DECORATIVA PROVENZAL - Enko Chile Tienda Online\",\"isPartOf\":{\"@id\":\"https:\/\/enkochile.cl\/tienda\/#website\"},\"primaryImageOfPage\":{\"@id\":\"https:\/\/enkochile.cl\/tienda\/product\/lamina-cobre-decorativa\/#primaryimage\"},\"image\":{\"@id\":\"https:\/\/enkochile.cl\/tienda\/product\/lamina-cobre-decorativa\/#primaryimage\"},\"thumbnailUrl\":\"https:\/\/enkochile.cl\/tienda\/wp-content\/uploads\/2020\/11\/foglia-imitazione-bronzo-OK.jpg\",\"datePublished\":\"2021-09-17T16:00:09+00:00\",\"dateModified\":\"2026-04-09T17:16:30+00:00\",\"description\":\"L\u00e1minas de imitaci\u00f3n cobre para utilizar en molduras de cuadros, muebles de estilo y provenzales, mamposter\u00eda y otros art\u00edculos que requieran un acabado met\u00e1lico real.\",\"breadcrumb\":{\"@id\":\"https:\/\/enkochile.cl\/tienda\/product\/lamina-cobre-decorativa\/#breadcrumb\"},\"inLanguage\":\"es\",\"potentialAction\":[{\"@type\":\"ReadAction\",\"target\":[\"https:\/\/enkochile.cl\/tienda\/product\/lamina-cobre-decorativa\/\"]}]},{\"@type\":\"ImageObject\",\"inLanguage\":\"es\",\"@id\":\"https:\/\/enkochile.cl\/tienda\/product\/lamina-cobre-decorativa\/#primaryimage\",\"url\":\"https:\/\/enkochile.cl\/tienda\/wp-content\/uploads\/2020\/11\/foglia-imitazione-bronzo-OK.jpg\",\"contentUrl\":\"https:\/\/enkochile.cl\/tienda\/wp-content\/uploads\/2020\/11\/foglia-imitazione-bronzo-OK.jpg\",\"width\":800,\"height\":800},{\"@type\":\"BreadcrumbList\",\"@id\":\"https:\/\/enkochile.cl\/tienda\/product\/lamina-cobre-decorativa\/#breadcrumb\",\"itemListElement\":[{\"@type\":\"ListItem\",\"position\":1,\"name\":\"Portada\",\"item\":\"https:\/\/enkochile.cl\/tienda\/\"},{\"@type\":\"ListItem\",\"position\":2,\"name\":\"Tienda\",\"item\":\"https:\/\/enkochile.cl\/tienda\/tienda\/\"},{\"@type\":\"ListItem\",\"position\":3,\"name\":\"MADERA INTERIOR\",\"item\":\"https:\/\/enkochile.cl\/tienda\/product-category\/madera-interior\/\"},{\"@type\":\"ListItem\",\"position\":4,\"name\":\"Decoraci\u00f3n ornamental\",\"item\":\"https:\/\/enkochile.cl\/tienda\/product-category\/madera-interior\/decoracion-ornamental\/\"},{\"@type\":\"ListItem\",\"position\":5,\"name\":\"L\u00e1minas de oro, plata y cobre\",\"item\":\"https:\/\/enkochile.cl\/tienda\/product-category\/madera-interior\/decoracion-ornamental\/laminas-de-oro-decoracion-ornamental\/\"},{\"@type\":\"ListItem\",\"position\":6,\"name\":\"L\u00c1MINA DE COBRE DECORATIVA PROVENZAL\"}]},{\"@type\":\"WebSite\",\"@id\":\"https:\/\/enkochile.cl\/tienda\/#website\",\"url\":\"https:\/\/enkochile.cl\/tienda\/\",\"name\":\"Enko Chile Tienda Online\",\"description\":\"Materiales, protecci\u00f3n y acabado de superficies\",\"publisher\":{\"@id\":\"https:\/\/enkochile.cl\/tienda\/#organization\"},\"alternateName\":\"Enko Chile\",\"potentialAction\":[{\"@type\":\"SearchAction\",\"target\":{\"@type\":\"EntryPoint\",\"urlTemplate\":\"https:\/\/enkochile.cl\/tienda\/?s={search_term_string}\"},\"query-input\":{\"@type\":\"PropertyValueSpecification\",\"valueRequired\":true,\"valueName\":\"search_term_string\"}}],\"inLanguage\":\"es\"},{\"@type\":\"Organization\",\"@id\":\"https:\/\/enkochile.cl\/tienda\/#organization\",\"name\":\"Enko Chile Tienda Online\",\"url\":\"https:\/\/enkochile.cl\/tienda\/\",\"logo\":{\"@type\":\"ImageObject\",\"inLanguage\":\"es\",\"@id\":\"https:\/\/enkochile.cl\/tienda\/#\/schema\/logo\/image\/\",\"url\":\"https:\/\/enkochile.cl\/tienda\/wp-content\/uploads\/2024\/07\/1024x1024.jpg\",\"contentUrl\":\"https:\/\/enkochile.cl\/tienda\/wp-content\/uploads\/2024\/07\/1024x1024.jpg\",\"width\":1024,\"height\":1024,\"caption\":\"Enko Chile Tienda Online\"},\"image\":{\"@id\":\"https:\/\/enkochile.cl\/tienda\/#\/schema\/logo\/image\/\"},\"sameAs\":[\"https:\/\/www.facebook.com\/enko_chile\/\",\"https:\/\/www.instagram.com\/enko_chile\/\"]}]}<\/script>\n<!-- \/ Yoast SEO plugin. -->","yoast_head_json":{"title":"L\u00c1MINA DE COBRE DECORATIVA PROVENZAL - Enko Chile Tienda Online","description":"L\u00e1minas de imitaci\u00f3n cobre para utilizar en molduras de cuadros, muebles de estilo y provenzales, mamposter\u00eda y otros art\u00edculos que requieran un acabado met\u00e1lico real.","robots":{"index":"index","follow":"follow","max-snippet":"max-snippet:-1","max-image-preview":"max-image-preview:large","max-video-preview":"max-video-preview:-1"},"canonical":"https:\/\/enkochile.cl\/tienda\/product\/lamina-cobre-decorativa\/","og_locale":"es_ES","og_type":"article","og_title":"L\u00c1MINA DE COBRE DECORATIVA PROVENZAL - Enko Chile Tienda Online","og_description":"L\u00e1minas de imitaci\u00f3n cobre para utilizar en molduras de cuadros, muebles de estilo y provenzales, mamposter\u00eda y otros art\u00edculos que requieran un acabado met\u00e1lico real.","og_url":"https:\/\/enkochile.cl\/tienda\/product\/lamina-cobre-decorativa\/","og_site_name":"Enko Chile Tienda Online","article_publisher":"https:\/\/www.facebook.com\/enko_chile\/","article_modified_time":"2026-04-09T17:16:30+00:00","og_image":[{"width":800,"height":800,"url":"https:\/\/enkochile.cl\/tienda\/wp-content\/uploads\/2020\/11\/foglia-imitazione-bronzo-OK.jpg","type":"image\/jpeg"}],"twitter_card":"summary_large_image","schema":{"@context":"https:\/\/schema.org","@graph":[{"@type":"WebPage","@id":"https:\/\/enkochile.cl\/tienda\/product\/lamina-cobre-decorativa\/","url":"https:\/\/enkochile.cl\/tienda\/product\/lamina-cobre-decorativa\/","name":"L\u00c1MINA DE COBRE DECORATIVA PROVENZAL - Enko Chile Tienda Online","isPartOf":{"@id":"https:\/\/enkochile.cl\/tienda\/#website"},"primaryImageOfPage":{"@id":"https:\/\/enkochile.cl\/tienda\/product\/lamina-cobre-decorativa\/#primaryimage"},"image":{"@id":"https:\/\/enkochile.cl\/tienda\/product\/lamina-cobre-decorativa\/#primaryimage"},"thumbnailUrl":"https:\/\/enkochile.cl\/tienda\/wp-content\/uploads\/2020\/11\/foglia-imitazione-bronzo-OK.jpg","datePublished":"2021-09-17T16:00:09+00:00","dateModified":"2026-04-09T17:16:30+00:00","description":"L\u00e1minas de imitaci\u00f3n cobre para utilizar en molduras de cuadros, muebles de estilo y provenzales, mamposter\u00eda y otros art\u00edculos que requieran un acabado met\u00e1lico real.","breadcrumb":{"@id":"https:\/\/enkochile.cl\/tienda\/product\/lamina-cobre-decorativa\/#breadcrumb"},"inLanguage":"es","potentialAction":[{"@type":"ReadAction","target":["https:\/\/enkochile.cl\/tienda\/product\/lamina-cobre-decorativa\/"]}]},{"@type":"ImageObject","inLanguage":"es","@id":"https:\/\/enkochile.cl\/tienda\/product\/lamina-cobre-decorativa\/#primaryimage","url":"https:\/\/enkochile.cl\/tienda\/wp-content\/uploads\/2020\/11\/foglia-imitazione-bronzo-OK.jpg","contentUrl":"https:\/\/enkochile.cl\/tienda\/wp-content\/uploads\/2020\/11\/foglia-imitazione-bronzo-OK.jpg","width":800,"height":800},{"@type":"BreadcrumbList","@id":"https:\/\/enkochile.cl\/tienda\/product\/lamina-cobre-decorativa\/#breadcrumb","itemListElement":[{"@type":"ListItem","position":1,"name":"Portada","item":"https:\/\/enkochile.cl\/tienda\/"},{"@type":"ListItem","position":2,"name":"Tienda","item":"https:\/\/enkochile.cl\/tienda\/tienda\/"},{"@type":"ListItem","position":3,"name":"MADERA INTERIOR","item":"https:\/\/enkochile.cl\/tienda\/product-category\/madera-interior\/"},{"@type":"ListItem","position":4,"name":"Decoraci\u00f3n ornamental","item":"https:\/\/enkochile.cl\/tienda\/product-category\/madera-interior\/decoracion-ornamental\/"},{"@type":"ListItem","position":5,"name":"L\u00e1minas de oro, plata y cobre","item":"https:\/\/enkochile.cl\/tienda\/product-category\/madera-interior\/decoracion-ornamental\/laminas-de-oro-decoracion-ornamental\/"},{"@type":"ListItem","position":6,"name":"L\u00c1MINA DE COBRE DECORATIVA PROVENZAL"}]},{"@type":"WebSite","@id":"https:\/\/enkochile.cl\/tienda\/#website","url":"https:\/\/enkochile.cl\/tienda\/","name":"Enko Chile Tienda Online","description":"Materiales, protecci\u00f3n y acabado de superficies","publisher":{"@id":"https:\/\/enkochile.cl\/tienda\/#organization"},"alternateName":"Enko Chile","potentialAction":[{"@type":"SearchAction","target":{"@type":"EntryPoint","urlTemplate":"https:\/\/enkochile.cl\/tienda\/?s={search_term_string}"},"query-input":{"@type":"PropertyValueSpecification","valueRequired":true,"valueName":"search_term_string"}}],"inLanguage":"es"},{"@type":"Organization","@id":"https:\/\/enkochile.cl\/tienda\/#organization","name":"Enko Chile Tienda Online","url":"https:\/\/enkochile.cl\/tienda\/","logo":{"@type":"ImageObject","inLanguage":"es","@id":"https:\/\/enkochile.cl\/tienda\/#\/schema\/logo\/image\/","url":"https:\/\/enkochile.cl\/tienda\/wp-content\/uploads\/2024\/07\/1024x1024.jpg","contentUrl":"https:\/\/enkochile.cl\/tienda\/wp-content\/uploads\/2024\/07\/1024x1024.jpg","width":1024,"height":1024,"caption":"Enko Chile Tienda Online"},"image":{"@id":"https:\/\/enkochile.cl\/tienda\/#\/schema\/logo\/image\/"},"sameAs":["https:\/\/www.facebook.com\/enko_chile\/","https:\/\/www.instagram.com\/enko_chile\/"]}]}},"_links":{"self":[{"href":"https:\/\/enkochile.cl\/tienda\/wp-json\/wp\/v2\/product\/5634","targetHints":{"allow":["GET"]}}],"collection":[{"href":"https:\/\/enkochile.cl\/tienda\/wp-json\/wp\/v2\/product"}],"about":[{"href":"https:\/\/enkochile.cl\/tienda\/wp-json\/wp\/v2\/types\/product"}],"wp:featuredmedia":[{"embeddable":true,"href":"https:\/\/enkochile.cl\/tienda\/wp-json\/wp\/v2\/media\/3033"}],"wp:attachment":[{"href":"https:\/\/enkochile.cl\/tienda\/wp-json\/wp\/v2\/media?parent=5634"}],"wp:term":[{"taxonomy":"product_cat","embeddable":true,"href":"https:\/\/enkochile.cl\/tienda\/wp-json\/wp\/v2\/product_cat?post=5634"},{"taxonomy":"product_tag","embeddable":true,"href":"https:\/\/enkochile.cl\/tienda\/wp-json\/wp\/v2\/product_tag?post=5634"}],"curies":[{"name":"wp","href":"https:\/\/api.w.org\/{rel}","templated":true}]}}