{"id":5597,"date":"2021-09-17T10:59:06","date_gmt":"2021-09-17T14:59:06","guid":{"rendered":"https:\/\/tienda.enko-online.com\/?post_type=product&#038;p=5597"},"modified":"2026-04-07T20:02:07","modified_gmt":"2026-04-08T00:02:07","slug":"aceite-cera-madera-hardwax-color","status":"publish","type":"product","link":"https:\/\/enkochile.cl\/tienda\/product\/aceite-cera-madera-hardwax-color\/","title":{"rendered":"Aceite cera Hardwax Color Oil Blanco"},"content":{"rendered":"","protected":false},"excerpt":{"rendered":"<div class=\"flex flex-grow flex-col max-w-full\">\n<div class=\"min-h-[20px] text-message flex flex-col items-start whitespace-pre-wrap break-words [.text-message+&amp;]:mt-5 overflow-x-auto gap-3\" dir=\"auto\" data-message-author-role=\"assistant\" data-message-id=\"21345fd8-4237-4973-a46b-bb76c829e13b\">\n<div class=\"markdown prose w-full break-words dark:prose-invert light\">\n<p>Aceite cera blanco Hardwax Color Oil con un acabado mate para muebles y suelos de madera. Su aplicaci\u00f3n crea una superficie blanca transl\u00facida que resalta las vetas de la madera, permitiendo ajustar la cobertura con una o varias capas seg\u00fan se desee. Destaca por su excepcional durabilidad gracias a la inclusi\u00f3n de resinas y minerales especiales.<\/p>\n<\/div>\n<\/div>\n<\/div>\n","protected":false},"featured_media":15945,"template":"","meta":{"_acf_changed":false,"_seopress_robots_primary_cat":"none","_seopress_titles_title":"%%post_title%% %%sep%% %%sitetitle%%","_seopress_titles_desc":"%%post_excerpt%%","_seopress_robots_index":"","_sitemap_exclude":false,"_sitemap_priority":"","_sitemap_frequency":"","_themeisle_gutenberg_block_has_review":false},"product_cat":[1606,1396,1714,1334,1719,1607,1608,1412,1332,1374],"product_tag":[],"class_list":{"0":"post-5597","1":"product","2":"type-product","3":"status-publish","4":"has-post-thumbnail","6":"marcas-borma-wachs","7":"product_cat-acabado-estilo-provenzal-vintage-madera-interior","8":"product_cat-acabado-pisos-de-madera-interior","9":"product_cat-acabado-efecto-natural","10":"product_cat-acabado-muebles-puertas-madera-general","11":"product_cat-aceites-acabado-efecto-natural","12":"product_cat-aceites-y-ceras-acabado-muebles-y-madera-general","13":"product_cat-aceites-y-ceras-acabado-estilo-provenzal-vintage-madera-interior","14":"product_cat-aceites-y-ceras","15":"product_cat-madera-interior","16":"product_cat-pisos","17":"pa_tamano-1-lt","18":"pa_tamano-5-lt","20":"first","21":"instock","22":"featured","23":"purchasable","24":"product-type-variable"},"acf":[],"yoast_head":"<!-- This site is optimized with the Yoast SEO plugin v24.0 - https:\/\/yoast.com\/wordpress\/plugins\/seo\/ -->\n<title>Aceite cera Hardwax Color Oil Blanco - Enko Chile Tienda Online<\/title>\n<meta name=\"description\" content=\"Aceite cera Hardwax Color Oil Blanco Enko Chile Tienda Online -\" \/>\n<meta name=\"robots\" content=\"index, follow, max-snippet:-1, max-image-preview:large, max-video-preview:-1\" \/>\n<link rel=\"canonical\" href=\"https:\/\/enkochile.cl\/tienda\/product\/aceite-cera-madera-hardwax-color\/\" \/>\n<meta property=\"og:locale\" content=\"es_ES\" \/>\n<meta property=\"og:type\" content=\"article\" \/>\n<meta property=\"og:title\" content=\"Aceite cera Hardwax Color Oil Blanco - Enko Chile Tienda Online\" \/>\n<meta property=\"og:description\" content=\"Aceite cera Hardwax Color Oil Blanco Enko Chile Tienda Online -\" \/>\n<meta property=\"og:url\" content=\"https:\/\/enkochile.cl\/tienda\/product\/aceite-cera-madera-hardwax-color\/\" \/>\n<meta property=\"og:site_name\" content=\"Enko Chile Tienda Online\" \/>\n<meta property=\"article:publisher\" content=\"https:\/\/www.facebook.com\/enko_chile\/\" \/>\n<meta property=\"article:modified_time\" content=\"2026-04-08T00:02:07+00:00\" \/>\n<meta property=\"og:image\" content=\"https:\/\/enkochile.cl\/tienda\/wp-content\/uploads\/2021\/10\/aceite-cera-hardwax-coloroil-1.jpg\" \/>\n\t<meta property=\"og:image:width\" content=\"800\" \/>\n\t<meta property=\"og:image:height\" content=\"800\" \/>\n\t<meta property=\"og:image:type\" content=\"image\/jpeg\" \/>\n<meta name=\"twitter:card\" content=\"summary_large_image\" \/>\n<meta name=\"twitter:label1\" content=\"Tiempo de lectura\" \/>\n\t<meta name=\"twitter:data1\" content=\"1 minuto\" \/>\n<script type=\"application\/ld+json\" class=\"yoast-schema-graph\">{\"@context\":\"https:\/\/schema.org\",\"@graph\":[{\"@type\":\"WebPage\",\"@id\":\"https:\/\/enkochile.cl\/tienda\/product\/aceite-cera-madera-hardwax-color\/\",\"url\":\"https:\/\/enkochile.cl\/tienda\/product\/aceite-cera-madera-hardwax-color\/\",\"name\":\"Aceite cera Hardwax Color Oil Blanco - Enko Chile Tienda Online\",\"isPartOf\":{\"@id\":\"https:\/\/enkochile.cl\/tienda\/#website\"},\"primaryImageOfPage\":{\"@id\":\"https:\/\/enkochile.cl\/tienda\/product\/aceite-cera-madera-hardwax-color\/#primaryimage\"},\"image\":{\"@id\":\"https:\/\/enkochile.cl\/tienda\/product\/aceite-cera-madera-hardwax-color\/#primaryimage\"},\"thumbnailUrl\":\"https:\/\/enkochile.cl\/tienda\/wp-content\/uploads\/2021\/10\/aceite-cera-hardwax-coloroil-1.jpg\",\"datePublished\":\"2021-09-17T14:59:06+00:00\",\"dateModified\":\"2026-04-08T00:02:07+00:00\",\"description\":\"Aceite cera Hardwax Color Oil Blanco Enko Chile Tienda Online -\",\"breadcrumb\":{\"@id\":\"https:\/\/enkochile.cl\/tienda\/product\/aceite-cera-madera-hardwax-color\/#breadcrumb\"},\"inLanguage\":\"es\",\"potentialAction\":[{\"@type\":\"ReadAction\",\"target\":[\"https:\/\/enkochile.cl\/tienda\/product\/aceite-cera-madera-hardwax-color\/\"]}]},{\"@type\":\"ImageObject\",\"inLanguage\":\"es\",\"@id\":\"https:\/\/enkochile.cl\/tienda\/product\/aceite-cera-madera-hardwax-color\/#primaryimage\",\"url\":\"https:\/\/enkochile.cl\/tienda\/wp-content\/uploads\/2021\/10\/aceite-cera-hardwax-coloroil-1.jpg\",\"contentUrl\":\"https:\/\/enkochile.cl\/tienda\/wp-content\/uploads\/2021\/10\/aceite-cera-hardwax-coloroil-1.jpg\",\"width\":800,\"height\":800,\"caption\":\"aceite sellador de base con color hardwax color oil\"},{\"@type\":\"BreadcrumbList\",\"@id\":\"https:\/\/enkochile.cl\/tienda\/product\/aceite-cera-madera-hardwax-color\/#breadcrumb\",\"itemListElement\":[{\"@type\":\"ListItem\",\"position\":1,\"name\":\"Portada\",\"item\":\"https:\/\/enkochile.cl\/tienda\/\"},{\"@type\":\"ListItem\",\"position\":2,\"name\":\"Tienda\",\"item\":\"https:\/\/enkochile.cl\/tienda\/tienda\/\"},{\"@type\":\"ListItem\",\"position\":3,\"name\":\"MADERA INTERIOR\",\"item\":\"https:\/\/enkochile.cl\/tienda\/product-category\/madera-interior\/\"},{\"@type\":\"ListItem\",\"position\":4,\"name\":\"Acabados efecto natural\",\"item\":\"https:\/\/enkochile.cl\/tienda\/product-category\/madera-interior\/acabado-efecto-natural\/\"},{\"@type\":\"ListItem\",\"position\":5,\"name\":\"Aceites\",\"item\":\"https:\/\/enkochile.cl\/tienda\/product-category\/madera-interior\/acabado-efecto-natural\/aceites-acabado-efecto-natural\/\"},{\"@type\":\"ListItem\",\"position\":6,\"name\":\"Aceite cera Hardwax Color Oil Blanco\"}]},{\"@type\":\"WebSite\",\"@id\":\"https:\/\/enkochile.cl\/tienda\/#website\",\"url\":\"https:\/\/enkochile.cl\/tienda\/\",\"name\":\"Enko Chile Tienda Online\",\"description\":\"Materiales, protecci\u00f3n y acabado de superficies\",\"publisher\":{\"@id\":\"https:\/\/enkochile.cl\/tienda\/#organization\"},\"alternateName\":\"Enko Chile\",\"potentialAction\":[{\"@type\":\"SearchAction\",\"target\":{\"@type\":\"EntryPoint\",\"urlTemplate\":\"https:\/\/enkochile.cl\/tienda\/?s={search_term_string}\"},\"query-input\":{\"@type\":\"PropertyValueSpecification\",\"valueRequired\":true,\"valueName\":\"search_term_string\"}}],\"inLanguage\":\"es\"},{\"@type\":\"Organization\",\"@id\":\"https:\/\/enkochile.cl\/tienda\/#organization\",\"name\":\"Enko Chile Tienda Online\",\"url\":\"https:\/\/enkochile.cl\/tienda\/\",\"logo\":{\"@type\":\"ImageObject\",\"inLanguage\":\"es\",\"@id\":\"https:\/\/enkochile.cl\/tienda\/#\/schema\/logo\/image\/\",\"url\":\"https:\/\/enkochile.cl\/tienda\/wp-content\/uploads\/2024\/07\/1024x1024.jpg\",\"contentUrl\":\"https:\/\/enkochile.cl\/tienda\/wp-content\/uploads\/2024\/07\/1024x1024.jpg\",\"width\":1024,\"height\":1024,\"caption\":\"Enko Chile Tienda Online\"},\"image\":{\"@id\":\"https:\/\/enkochile.cl\/tienda\/#\/schema\/logo\/image\/\"},\"sameAs\":[\"https:\/\/www.facebook.com\/enko_chile\/\",\"https:\/\/www.instagram.com\/enko_chile\/\"]}]}<\/script>\n<!-- \/ Yoast SEO plugin. -->","yoast_head_json":{"title":"Aceite cera Hardwax Color Oil Blanco - Enko Chile Tienda Online","description":"Aceite cera Hardwax Color Oil Blanco Enko Chile Tienda Online -","robots":{"index":"index","follow":"follow","max-snippet":"max-snippet:-1","max-image-preview":"max-image-preview:large","max-video-preview":"max-video-preview:-1"},"canonical":"https:\/\/enkochile.cl\/tienda\/product\/aceite-cera-madera-hardwax-color\/","og_locale":"es_ES","og_type":"article","og_title":"Aceite cera Hardwax Color Oil Blanco - Enko Chile Tienda Online","og_description":"Aceite cera Hardwax Color Oil Blanco Enko Chile Tienda Online -","og_url":"https:\/\/enkochile.cl\/tienda\/product\/aceite-cera-madera-hardwax-color\/","og_site_name":"Enko Chile Tienda Online","article_publisher":"https:\/\/www.facebook.com\/enko_chile\/","article_modified_time":"2026-04-08T00:02:07+00:00","og_image":[{"width":800,"height":800,"url":"https:\/\/enkochile.cl\/tienda\/wp-content\/uploads\/2021\/10\/aceite-cera-hardwax-coloroil-1.jpg","type":"image\/jpeg"}],"twitter_card":"summary_large_image","twitter_misc":{"Tiempo de lectura":"1 minuto"},"schema":{"@context":"https:\/\/schema.org","@graph":[{"@type":"WebPage","@id":"https:\/\/enkochile.cl\/tienda\/product\/aceite-cera-madera-hardwax-color\/","url":"https:\/\/enkochile.cl\/tienda\/product\/aceite-cera-madera-hardwax-color\/","name":"Aceite cera Hardwax Color Oil Blanco - Enko Chile Tienda Online","isPartOf":{"@id":"https:\/\/enkochile.cl\/tienda\/#website"},"primaryImageOfPage":{"@id":"https:\/\/enkochile.cl\/tienda\/product\/aceite-cera-madera-hardwax-color\/#primaryimage"},"image":{"@id":"https:\/\/enkochile.cl\/tienda\/product\/aceite-cera-madera-hardwax-color\/#primaryimage"},"thumbnailUrl":"https:\/\/enkochile.cl\/tienda\/wp-content\/uploads\/2021\/10\/aceite-cera-hardwax-coloroil-1.jpg","datePublished":"2021-09-17T14:59:06+00:00","dateModified":"2026-04-08T00:02:07+00:00","description":"Aceite cera Hardwax Color Oil Blanco Enko Chile Tienda Online -","breadcrumb":{"@id":"https:\/\/enkochile.cl\/tienda\/product\/aceite-cera-madera-hardwax-color\/#breadcrumb"},"inLanguage":"es","potentialAction":[{"@type":"ReadAction","target":["https:\/\/enkochile.cl\/tienda\/product\/aceite-cera-madera-hardwax-color\/"]}]},{"@type":"ImageObject","inLanguage":"es","@id":"https:\/\/enkochile.cl\/tienda\/product\/aceite-cera-madera-hardwax-color\/#primaryimage","url":"https:\/\/enkochile.cl\/tienda\/wp-content\/uploads\/2021\/10\/aceite-cera-hardwax-coloroil-1.jpg","contentUrl":"https:\/\/enkochile.cl\/tienda\/wp-content\/uploads\/2021\/10\/aceite-cera-hardwax-coloroil-1.jpg","width":800,"height":800,"caption":"aceite sellador de base con color hardwax color oil"},{"@type":"BreadcrumbList","@id":"https:\/\/enkochile.cl\/tienda\/product\/aceite-cera-madera-hardwax-color\/#breadcrumb","itemListElement":[{"@type":"ListItem","position":1,"name":"Portada","item":"https:\/\/enkochile.cl\/tienda\/"},{"@type":"ListItem","position":2,"name":"Tienda","item":"https:\/\/enkochile.cl\/tienda\/tienda\/"},{"@type":"ListItem","position":3,"name":"MADERA INTERIOR","item":"https:\/\/enkochile.cl\/tienda\/product-category\/madera-interior\/"},{"@type":"ListItem","position":4,"name":"Acabados efecto natural","item":"https:\/\/enkochile.cl\/tienda\/product-category\/madera-interior\/acabado-efecto-natural\/"},{"@type":"ListItem","position":5,"name":"Aceites","item":"https:\/\/enkochile.cl\/tienda\/product-category\/madera-interior\/acabado-efecto-natural\/aceites-acabado-efecto-natural\/"},{"@type":"ListItem","position":6,"name":"Aceite cera Hardwax Color Oil Blanco"}]},{"@type":"WebSite","@id":"https:\/\/enkochile.cl\/tienda\/#website","url":"https:\/\/enkochile.cl\/tienda\/","name":"Enko Chile Tienda Online","description":"Materiales, protecci\u00f3n y acabado de superficies","publisher":{"@id":"https:\/\/enkochile.cl\/tienda\/#organization"},"alternateName":"Enko Chile","potentialAction":[{"@type":"SearchAction","target":{"@type":"EntryPoint","urlTemplate":"https:\/\/enkochile.cl\/tienda\/?s={search_term_string}"},"query-input":{"@type":"PropertyValueSpecification","valueRequired":true,"valueName":"search_term_string"}}],"inLanguage":"es"},{"@type":"Organization","@id":"https:\/\/enkochile.cl\/tienda\/#organization","name":"Enko Chile Tienda Online","url":"https:\/\/enkochile.cl\/tienda\/","logo":{"@type":"ImageObject","inLanguage":"es","@id":"https:\/\/enkochile.cl\/tienda\/#\/schema\/logo\/image\/","url":"https:\/\/enkochile.cl\/tienda\/wp-content\/uploads\/2024\/07\/1024x1024.jpg","contentUrl":"https:\/\/enkochile.cl\/tienda\/wp-content\/uploads\/2024\/07\/1024x1024.jpg","width":1024,"height":1024,"caption":"Enko Chile Tienda Online"},"image":{"@id":"https:\/\/enkochile.cl\/tienda\/#\/schema\/logo\/image\/"},"sameAs":["https:\/\/www.facebook.com\/enko_chile\/","https:\/\/www.instagram.com\/enko_chile\/"]}]}},"_links":{"self":[{"href":"https:\/\/enkochile.cl\/tienda\/wp-json\/wp\/v2\/product\/5597","targetHints":{"allow":["GET"]}}],"collection":[{"href":"https:\/\/enkochile.cl\/tienda\/wp-json\/wp\/v2\/product"}],"about":[{"href":"https:\/\/enkochile.cl\/tienda\/wp-json\/wp\/v2\/types\/product"}],"wp:featuredmedia":[{"embeddable":true,"href":"https:\/\/enkochile.cl\/tienda\/wp-json\/wp\/v2\/media\/15945"}],"wp:attachment":[{"href":"https:\/\/enkochile.cl\/tienda\/wp-json\/wp\/v2\/media?parent=5597"}],"wp:term":[{"taxonomy":"product_cat","embeddable":true,"href":"https:\/\/enkochile.cl\/tienda\/wp-json\/wp\/v2\/product_cat?post=5597"},{"taxonomy":"product_tag","embeddable":true,"href":"https:\/\/enkochile.cl\/tienda\/wp-json\/wp\/v2\/product_tag?post=5597"}],"curies":[{"name":"wp","href":"https:\/\/api.w.org\/{rel}","templated":true}]}}